{"id":4038,"date":"2025-05-26T12:09:27","date_gmt":"2025-05-26T10:09:27","guid":{"rendered":"https:\/\/zwemclubabc.nl\/?page_id=4038"},"modified":"2026-03-13T14:18:09","modified_gmt":"2026-03-13T13:18:09","slug":"swimming-lessons-for-children","status":"publish","type":"page","link":"https:\/\/zwemclubabc.nl\/en\/swimming-lessons-in-amsterdam\/swimming-lessons-for-children\/","title":{"rendered":"Swimming lessons for children in Amsterdam"},"content":{"rendered":"","protected":false},"excerpt":{"rendered":"","protected":false},"author":1,"featured_media":0,"parent":4000,"menu_order":0,"comment_status":"closed","ping_status":"closed","template":"","meta":{"_seopress_robots_primary_cat":"","_seopress_titles_title":"Zwemlessen voor kinderen in Amsterdam | Zwemclub ABC","_seopress_titles_desc":"Zwemles voor kinderen in Amsterdam bij Zwemclub ABC (de Mirandabad). Kleine groepen, ervaren instructeurs en gratis proefles.","_seopress_robots_index":"","footnotes":""},"class_list":["post-4038","page","type-page","status-publish"],"meta_box":{"data_turbozwemmen":[],"maandag":[],"dinsdag":[],"woensdag":[],"donderdag":[],"vrijdag":[],"zaterdag":[],"zondag":[],"faq":[{"titel_faq":"Vanaf welke leeftijd kan mijn kind starten met zwemlessen bij Zwemclub ABC?","antw_faq":"Kinderen kunnen bij Zwemclub ABC al vanaf 4 jaar starten met zwemlessen. Zo leren ze al vroeg veilig zwemmen.\r\n\r\n"},{"titel_faq":"Hoe groot zijn de groepen tijdens de zwemlessen?","antw_faq":"Onze groepen bestaan uit maximaal 6 tot 8 kinderen per instructeur. Hierdoor krijgt elk kind voldoende persoonlijke aandacht.\r\n\r\n"},{"titel_faq":"Is het mogelijk om priv\u00e9 zwemlessen te volgen in Amsterdam?","antw_faq":"Ja, bij Zwemclub ABC bieden we priv\u00e9 zwemlessen met individuele aandacht, geschikt voor kinderen \u00e9n volwassenen.\r\n"},{"titel_faq":"Hoe lang duurt het gemiddeld om een zwemdiploma te halen?","antw_faq":"Het behalen van het A-diploma duurt gemiddeld 12 tot 18 maanden. Met turbo-zwemlessen kan dit binnen 2 weken. Maar hierbij is dan wel een voorwaarde dat uw kind minimaal 5 jaar is, en al in het eindfase zit van het zwemmen. \r\n"},{"titel_faq":"Wat is het voordeel van turbo zwemlessen bij Zwemclub ABC?","antw_faq":"Turbo zwemlessen helpen jou of je kind om sneller het diploma te behalen. Ideaal als je kind al in de laatste fase zit van het zwemmen, en het laatste zetje nodig heeft richting het examen. "},{"titel_faq":"Kan ik eerst een gratis proefles volgen?","antw_faq":"Absoluut! Je kunt bij ons altijd vrijblijvend een gratis proefles volgen. Zo ervaar je direct of Zwemclub ABC bij je past. Let op! De gratis proefles is wel alleen voor de kindergroepslessen. \r\n\r\n"},{"titel_faq":"Waar vinden de zwemlessen plaats in Amsterdam?","antw_faq":"Alle zwemlessen van Zwemclub ABC vinden plaats in het verwarmde zwembad De Mirandabad, centraal gelegen in Amsterdam-Zuid (vlakbij Europaplein).\r\n\r\n"}]},"_links":{"self":[{"href":"https:\/\/zwemclubabc.nl\/en\/wp-json\/wp\/v2\/pages\/4038","targetHints":{"allow":["GET"]}}],"collection":[{"href":"https:\/\/zwemclubabc.nl\/en\/wp-json\/wp\/v2\/pages"}],"about":[{"href":"https:\/\/zwemclubabc.nl\/en\/wp-json\/wp\/v2\/types\/page"}],"author":[{"embeddable":true,"href":"https:\/\/zwemclubabc.nl\/en\/wp-json\/wp\/v2\/users\/1"}],"replies":[{"embeddable":true,"href":"https:\/\/zwemclubabc.nl\/en\/wp-json\/wp\/v2\/comments?post=4038"}],"version-history":[{"count":33,"href":"https:\/\/zwemclubabc.nl\/en\/wp-json\/wp\/v2\/pages\/4038\/revisions"}],"predecessor-version":[{"id":21117,"href":"https:\/\/zwemclubabc.nl\/en\/wp-json\/wp\/v2\/pages\/4038\/revisions\/21117"}],"up":[{"embeddable":true,"href":"https:\/\/zwemclubabc.nl\/en\/wp-json\/wp\/v2\/pages\/4000"}],"wp:attachment":[{"href":"https:\/\/zwemclubabc.nl\/en\/wp-json\/wp\/v2\/media?parent=4038"}],"curies":[{"name":"wp","href":"https:\/\/api.w.org\/{rel}","templated":true}]}}