{"id":4063,"date":"2025-05-26T12:49:48","date_gmt":"2025-05-26T10:49:48","guid":{"rendered":"https:\/\/zwemclubabc.nl\/?page_id=4063"},"modified":"2026-03-13T14:14:21","modified_gmt":"2026-03-13T13:14:21","slug":"swimming-lessons-for-adults","status":"publish","type":"page","link":"https:\/\/zwemclubabc.nl\/en\/swimming-lessons-in-amsterdam\/swimming-lessons-for-adults\/","title":{"rendered":"Swimming lessons for adults in Amsterdam"},"content":{"rendered":"","protected":false},"excerpt":{"rendered":"","protected":false},"author":1,"featured_media":0,"parent":4000,"menu_order":0,"comment_status":"closed","ping_status":"closed","template":"","meta":{"_seopress_robots_primary_cat":"","_seopress_titles_title":"Zwemlessen voor volwassenen in Amsterdam | De Mirandabad \u2013 Zwemclub ABC","_seopress_titles_desc":"Zwemlessen voor volwassenen in Amsterdam bij Zwemclub ABC (De Mirandabad). Groepslessen in een veilige en rustige omgeving, geschikt voor beginners en gevorderden. Meld je eenvoudig aan.","_seopress_robots_index":"","footnotes":""},"class_list":["post-4063","page","type-page","status-publish"],"meta_box":{"data_turbozwemmen":[],"maandag":[],"dinsdag":[],"woensdag":[],"donderdag":[],"vrijdag":[],"zaterdag":[],"zondag":[],"faq":[{"titel_faq":"Is het mogelijk om priv\u00e9 zwemlessen te volgen in Amsterdam?","antw_faq":"Ja, bij Zwemclub ABC bieden we priv\u00e9 zwemlessen met individuele aandacht, geschikt voor kinderen \u00e9n volwassenen.\r\n\r\n"},{"titel_faq":"Hoe lang duurt het gemiddeld om een zwemdiploma te halen?","antw_faq":"Het behalen van het A-diploma duurt gemiddeld 12 tot 18 maanden. Met turbo-zwemlessen kan dit binnen 2 weken."},{"titel_faq":"Wat is het voordeel van turbo zwemlessen bij Zwemclub ABC?","antw_faq":"Turbo zwemlessen helpen jou of je kind om sneller het diploma te behalen. Ideaal als je weinig tijd hebt of snel zwemvaardig wilt zijn.\r\n\r\n"},{"titel_faq":"Kan ik eerst een gratis proefles volgen?","antw_faq":"Absoluut! Je kunt bij ons altijd vrijblijvend een gratis proefles volgen. Zo ervaar je direct of Zwemclub ABC bij je past.\r\n\r\n"},{"titel_faq":"Waar vinden de zwemlessen plaats in Amsterdam?","antw_faq":"Alle zwemlessen van Zwemclub ABC vinden plaats in het verwarmde zwembad De Mirandabad, centraal gelegen in Amsterdam-Zuid (vlakbij Europaplein).\r\n\r\n"}]},"_links":{"self":[{"href":"https:\/\/zwemclubabc.nl\/en\/wp-json\/wp\/v2\/pages\/4063","targetHints":{"allow":["GET"]}}],"collection":[{"href":"https:\/\/zwemclubabc.nl\/en\/wp-json\/wp\/v2\/pages"}],"about":[{"href":"https:\/\/zwemclubabc.nl\/en\/wp-json\/wp\/v2\/types\/page"}],"author":[{"embeddable":true,"href":"https:\/\/zwemclubabc.nl\/en\/wp-json\/wp\/v2\/users\/1"}],"replies":[{"embeddable":true,"href":"https:\/\/zwemclubabc.nl\/en\/wp-json\/wp\/v2\/comments?post=4063"}],"version-history":[{"count":26,"href":"https:\/\/zwemclubabc.nl\/en\/wp-json\/wp\/v2\/pages\/4063\/revisions"}],"predecessor-version":[{"id":21112,"href":"https:\/\/zwemclubabc.nl\/en\/wp-json\/wp\/v2\/pages\/4063\/revisions\/21112"}],"up":[{"embeddable":true,"href":"https:\/\/zwemclubabc.nl\/en\/wp-json\/wp\/v2\/pages\/4000"}],"wp:attachment":[{"href":"https:\/\/zwemclubabc.nl\/en\/wp-json\/wp\/v2\/media?parent=4063"}],"curies":[{"name":"wp","href":"https:\/\/api.w.org\/{rel}","templated":true}]}}