{"id":4074,"date":"2025-05-26T13:24:27","date_gmt":"2025-05-26T11:24:27","guid":{"rendered":"https:\/\/zwemclubabc.nl\/?page_id=4074"},"modified":"2026-03-13T20:20:06","modified_gmt":"2026-03-13T19:20:06","slug":"about-us","status":"publish","type":"page","link":"https:\/\/zwemclubabc.nl\/en\/about-us\/","title":{"rendered":"About us"},"content":{"rendered":"","protected":false},"excerpt":{"rendered":"","protected":false},"author":1,"featured_media":0,"parent":0,"menu_order":0,"comment_status":"closed","ping_status":"closed","template":"","meta":{"_seopress_robots_primary_cat":"","_seopress_titles_title":"Inschrijven Zwemles Amsterdam - Veilig leren zwemmen","_seopress_titles_desc":"Leer zwemmen bij Zwemclub ABC! Meer dan 15 jaar ervaring in zwemles. Schrijf je in voor een gratis proefles en ontdek ons aanbod voor kinderen vanaf 4 jaar.","_seopress_robots_index":"","footnotes":""},"class_list":["post-4074","page","type-page","status-publish"],"meta_box":{"data_turbozwemmen":[],"maandag":[],"dinsdag":[],"woensdag":[],"donderdag":[],"vrijdag":[],"zaterdag":[],"zondag":[],"faq":[{"titel_faq":"Vanaf welke leeftijd kan mijn kind starten met zwemlessen bij Zwemclub ABC?","antw_faq":"Kinderen kunnen bij Zwemclub ABC al vanaf 4 jaar starten met zwemlessen. Zo leren ze al vroeg veilig zwemmen.\r\n\r\n"},{"titel_faq":"Hoe groot zijn de groepen tijdens de zwemlessen?","antw_faq":"Onze groepen bestaan uit maximaal 6 tot 8 kinderen per instructeur. Hierdoor krijgt elk kind voldoende persoonlijke aandacht.\r\n\r\n"},{"titel_faq":"Is het mogelijk om priv\u00e9 zwemlessen te volgen in Amsterdam?","antw_faq":"Ja, bij Zwemclub ABC bieden we priv\u00e9 zwemlessen met individuele aandacht, geschikt voor kinderen \u00e9n volwassenen.\r\n\r\n"},{"titel_faq":"Hoe lang duurt het gemiddeld om een zwemdiploma te halen?","antw_faq":"Het behalen van het A-diploma duurt gemiddeld \u00e9\u00e9n jaar. Met turbo zwemlessen kan dit al binnen enkele maanden.\r\n\r\n"},{"titel_faq":"Wat is het voordeel van turbo zwemlessen bij Zwemclub ABC?","antw_faq":"Turbo zwemlessen helpen jou of je kind om sneller het diploma te behalen. Ideaal als je weinig tijd hebt of snel zwemvaardig wilt zijn.\r\n\r\n"},{"titel_faq":"Kan ik eerst een gratis proefles volgen?","antw_faq":"Absoluut! Je kunt bij ons altijd vrijblijvend een gratis proefles volgen. Zo ervaar je direct of Zwemclub ABC bij je past.\r\n\r\n"},{"titel_faq":"Waar vinden de zwemlessen plaats in Amsterdam?","antw_faq":"Alle zwemlessen van Zwemclub ABC vinden plaats in het verwarmde zwembad De Mirandabad, centraal gelegen in Amsterdam-Zuid (vlakbij Europaplein).\r\n\r\n"}]},"_links":{"self":[{"href":"https:\/\/zwemclubabc.nl\/en\/wp-json\/wp\/v2\/pages\/4074","targetHints":{"allow":["GET"]}}],"collection":[{"href":"https:\/\/zwemclubabc.nl\/en\/wp-json\/wp\/v2\/pages"}],"about":[{"href":"https:\/\/zwemclubabc.nl\/en\/wp-json\/wp\/v2\/types\/page"}],"author":[{"embeddable":true,"href":"https:\/\/zwemclubabc.nl\/en\/wp-json\/wp\/v2\/users\/1"}],"replies":[{"embeddable":true,"href":"https:\/\/zwemclubabc.nl\/en\/wp-json\/wp\/v2\/comments?post=4074"}],"version-history":[{"count":9,"href":"https:\/\/zwemclubabc.nl\/en\/wp-json\/wp\/v2\/pages\/4074\/revisions"}],"predecessor-version":[{"id":21129,"href":"https:\/\/zwemclubabc.nl\/en\/wp-json\/wp\/v2\/pages\/4074\/revisions\/21129"}],"wp:attachment":[{"href":"https:\/\/zwemclubabc.nl\/en\/wp-json\/wp\/v2\/media?parent=4074"}],"curies":[{"name":"wp","href":"https:\/\/api.w.org\/{rel}","templated":true}]}}